{"id":150,"date":"2025-05-27T12:58:20","date_gmt":"2025-05-27T12:58:20","guid":{"rendered":"https:\/\/kleosuy.com\/?page_id=150"},"modified":"2025-05-27T13:09:53","modified_gmt":"2025-05-27T13:09:53","slug":"politicas","status":"publish","type":"page","link":"https:\/\/kleosuy.com\/index.php\/politicas\/","title":{"rendered":"politicas"},"content":{"rendered":"\t\t<div data-elementor-type=\"wp-page\" data-elementor-id=\"150\" class=\"elementor elementor-150\" data-elementor-post-type=\"page\">\n\t\t\t\t<div class=\"elementor-element elementor-element-6cecd5d e-flex e-con-boxed e-con e-parent\" data-id=\"6cecd5d\" data-element_type=\"container\">\n\t\t\t\t\t<div class=\"e-con-inner\">\n\t\t\t\t<div class=\"elementor-element elementor-element-c743843 elementor-widget elementor-widget-text-editor\" data-id=\"c743843\" data-element_type=\"widget\" data-widget_type=\"text-editor.default\">\n\t\t\t\t<div class=\"elementor-widget-container\">\n\t\t\t\t\t\t\t\t\t<p data-start=\"279\" data-end=\"323\"><strong data-start=\"279\" data-end=\"304\">\u00daltima actualizaci\u00f3n:<\/strong> 27 de mayo de 2025<\/p><p data-start=\"325\" data-end=\"523\">En <strong data-start=\"328\" data-end=\"339\">Kleosuy<\/strong>, nos comprometemos a brindar una experiencia de compra clara, segura y transparente. A continuaci\u00f3n, detallamos nuestras pol\u00edticas de funcionamiento, privacidad y atenci\u00f3n al cliente.<\/p><hr data-start=\"525\" data-end=\"528\" \/><h3 data-start=\"530\" data-end=\"562\">1. Privacidad y uso de datos<\/h3><p data-start=\"564\" data-end=\"746\">La informaci\u00f3n personal que recopilamos (nombre, direcci\u00f3n, correo electr\u00f3nico, tel\u00e9fono, etc.) es utilizada <strong data-start=\"673\" data-end=\"743\">exclusivamente para procesar pedidos y comunicarnos con el cliente<\/strong>.<\/p><ul data-start=\"747\" data-end=\"952\"><li data-start=\"747\" data-end=\"795\"><p data-start=\"749\" data-end=\"795\">No compartimos ni vendemos datos a terceros.<\/p><\/li><li data-start=\"796\" data-end=\"871\"><p data-start=\"798\" data-end=\"871\">Aplicamos medidas de seguridad para proteger la informaci\u00f3n almacenada.<\/p><\/li><li data-start=\"872\" data-end=\"952\"><p data-start=\"874\" data-end=\"952\">No se realiza ning\u00fan otro uso con fines comerciales sin consentimiento previo.<\/p><\/li><\/ul><hr data-start=\"954\" data-end=\"957\" \/><h3 data-start=\"959\" data-end=\"980\">2. Medios de pago<\/h3><p data-start=\"982\" data-end=\"1019\">Los pagos pueden realizarse mediante:<\/p><ul data-start=\"1021\" data-end=\"1137\"><li data-start=\"1021\" data-end=\"1037\"><p data-start=\"1023\" data-end=\"1037\">Mercado Pago<\/p><\/li><li data-start=\"1038\" data-end=\"1064\"><p data-start=\"1040\" data-end=\"1064\">Transferencia bancaria<\/p><\/li><li data-start=\"1065\" data-end=\"1073\"><p data-start=\"1067\" data-end=\"1073\">Giro<\/p><\/li><li data-start=\"1074\" data-end=\"1137\"><p data-start=\"1076\" data-end=\"1137\">Otros m\u00e9todos habilitados en el sitio al momento del checkout<\/p><\/li><\/ul><p data-start=\"1139\" data-end=\"1195\">Los pedidos ser\u00e1n procesados una vez confirmado el pago.<\/p><hr data-start=\"1197\" data-end=\"1200\" \/><h3 data-start=\"1202\" data-end=\"1215\">3. Env\u00edos<\/h3><ul data-start=\"1217\" data-end=\"1519\"><li data-start=\"1217\" data-end=\"1287\"><p data-start=\"1219\" data-end=\"1287\">Todos los env\u00edos dentro del territorio uruguayo son <strong data-start=\"1271\" data-end=\"1284\">gratuitos<\/strong>.<\/p><\/li><li data-start=\"1288\" data-end=\"1355\"><p data-start=\"1290\" data-end=\"1355\">Utilizamos servicios log\u00edsticos privados y\/o DAC seg\u00fan la zona.<\/p><\/li><li data-start=\"1356\" data-end=\"1417\"><p data-start=\"1358\" data-end=\"1417\">El plazo estimado de entrega es de 24 a 72 horas h\u00e1biles.<\/p><\/li><li data-start=\"1418\" data-end=\"1519\"><p data-start=\"1420\" data-end=\"1519\">Productos con tiempos de producci\u00f3n especiales ser\u00e1n debidamente indicados en su ficha de producto.<\/p><\/li><\/ul><hr data-start=\"1521\" data-end=\"1524\" \/><h3 data-start=\"1526\" data-end=\"1555\">4. Cambios y devoluciones<\/h3><ul data-start=\"1557\" data-end=\"1878\"><li data-start=\"1557\" data-end=\"1653\"><p data-start=\"1559\" data-end=\"1653\"><strong data-start=\"1559\" data-end=\"1600\">No realizamos cambios ni devoluciones<\/strong>, excepto en casos de error de fabricaci\u00f3n o env\u00edo.<\/p><\/li><li data-start=\"1654\" data-end=\"1768\"><p data-start=\"1656\" data-end=\"1768\">Si se detecta un error por parte de Kleosuy, nos hacemos cargo de <strong data-start=\"1722\" data-end=\"1742\">todos los costos<\/strong> relacionados al cambio.<\/p><\/li><li data-start=\"1769\" data-end=\"1878\"><p data-start=\"1771\" data-end=\"1878\">No se aceptan reclamos por preferencias de talle, dise\u00f1o o motivos personales una vez confirmada la compra.<\/p><\/li><\/ul><hr data-start=\"1880\" data-end=\"1883\" \/><h3 data-start=\"1885\" data-end=\"1923\">5. Responsabilidad sobre productos<\/h3><ul data-start=\"1925\" data-end=\"2120\"><li data-start=\"1925\" data-end=\"2018\"><p data-start=\"1927\" data-end=\"2018\">Recomendamos verificar las tablas de medidas y descripciones antes de realizar el pedido.<\/p><\/li><li data-start=\"2019\" data-end=\"2120\"><p data-start=\"2021\" data-end=\"2120\">No nos responsabilizamos por el uso inadecuado, mal lavado o modificaci\u00f3n posterior de las prendas.<\/p><\/li><\/ul><hr data-start=\"2122\" data-end=\"2125\" \/><h3 data-start=\"2329\" data-end=\"2344\">6. Contacto<\/h3><p data-start=\"2346\" data-end=\"2471\">Para cualquier consulta o reclamo, pod\u00e9s comunicarte con nosotros a trav\u00e9s del correo electr\u00f3nico:<br data-start=\"2444\" data-end=\"2447\" \/>\ud83d\udce7 <strong data-start=\"2450\" data-end=\"2471\"><a class=\"cursor-pointer\" rel=\"noopener\" data-start=\"2452\" data-end=\"2469\">kleosuy@gmail.com<\/a><\/strong><\/p>\t\t\t\t\t\t\t\t<\/div>\n\t\t\t\t<\/div>\n\t\t\t\t\t<\/div>\n\t\t\t\t<\/div>\n\t\t\t\t<\/div>\n\t\t","protected":false},"excerpt":{"rendered":"<p>\u00daltima actualizaci\u00f3n: 27 de mayo de 2025 En Kleosuy, nos comprometemos a brindar una experiencia de compra clara, segura y transparente. A continuaci\u00f3n, detallamos nuestras pol\u00edticas de funcionamiento, privacidad y atenci\u00f3n al cliente. 1. Privacidad y uso de datos La informaci\u00f3n personal que recopilamos (nombre, direcci\u00f3n, correo electr\u00f3nico, tel\u00e9fono, etc.) es utilizada exclusivamente para procesar [&hellip;]<\/p>\n","protected":false},"author":1,"featured_media":0,"parent":0,"menu_order":0,"comment_status":"closed","ping_status":"closed","template":"","meta":{"footnotes":""},"class_list":["post-150","page","type-page","status-publish","hentry"],"yoast_head":"<!-- This site is optimized with the Yoast SEO plugin v25.0 - https:\/\/yoast.com\/wordpress\/plugins\/seo\/ -->\n<title>politicas - Kleosuy<\/title>\n<meta name=\"robots\" content=\"index, follow, max-snippet:-1, max-image-preview:large, max-video-preview:-1\" \/>\n<link rel=\"canonical\" href=\"https:\/\/kleosuy.com\/index.php\/politicas\/\" \/>\n<meta property=\"og:locale\" content=\"es_ES\" \/>\n<meta property=\"og:type\" content=\"article\" \/>\n<meta property=\"og:title\" content=\"politicas - Kleosuy\" \/>\n<meta property=\"og:description\" content=\"\u00daltima actualizaci\u00f3n: 27 de mayo de 2025 En Kleosuy, nos comprometemos a brindar una experiencia de compra clara, segura y transparente. A continuaci\u00f3n, detallamos nuestras pol\u00edticas de funcionamiento, privacidad y atenci\u00f3n al cliente. 1. Privacidad y uso de datos La informaci\u00f3n personal que recopilamos (nombre, direcci\u00f3n, correo electr\u00f3nico, tel\u00e9fono, etc.) es utilizada exclusivamente para procesar [&hellip;]\" \/>\n<meta property=\"og:url\" content=\"https:\/\/kleosuy.com\/index.php\/politicas\/\" \/>\n<meta property=\"og:site_name\" content=\"Kleosuy\" \/>\n<meta property=\"article:modified_time\" content=\"2025-05-27T13:09:53+00:00\" \/>\n<meta name=\"twitter:card\" content=\"summary_large_image\" \/>\n<meta name=\"twitter:label1\" content=\"Tiempo de lectura\" \/>\n\t<meta name=\"twitter:data1\" content=\"2 minutos\" \/>\n<script type=\"application\/ld+json\" class=\"yoast-schema-graph\">{\"@context\":\"https:\/\/schema.org\",\"@graph\":[{\"@type\":\"WebPage\",\"@id\":\"https:\/\/kleosuy.com\/index.php\/politicas\/\",\"url\":\"https:\/\/kleosuy.com\/index.php\/politicas\/\",\"name\":\"politicas - Kleosuy\",\"isPartOf\":{\"@id\":\"https:\/\/kleosuy.com\/#website\"},\"datePublished\":\"2025-05-27T12:58:20+00:00\",\"dateModified\":\"2025-05-27T13:09:53+00:00\",\"breadcrumb\":{\"@id\":\"https:\/\/kleosuy.com\/index.php\/politicas\/#breadcrumb\"},\"inLanguage\":\"es\",\"potentialAction\":[{\"@type\":\"ReadAction\",\"target\":[\"https:\/\/kleosuy.com\/index.php\/politicas\/\"]}]},{\"@type\":\"BreadcrumbList\",\"@id\":\"https:\/\/kleosuy.com\/index.php\/politicas\/#breadcrumb\",\"itemListElement\":[{\"@type\":\"ListItem\",\"position\":1,\"name\":\"Portada\",\"item\":\"https:\/\/kleosuy.com\/\"},{\"@type\":\"ListItem\",\"position\":2,\"name\":\"politicas\"}]},{\"@type\":\"WebSite\",\"@id\":\"https:\/\/kleosuy.com\/#website\",\"url\":\"https:\/\/kleosuy.com\/\",\"name\":\"Kleosuy\",\"description\":\"\",\"publisher\":{\"@id\":\"https:\/\/kleosuy.com\/#organization\"},\"potentialAction\":[{\"@type\":\"SearchAction\",\"target\":{\"@type\":\"EntryPoint\",\"urlTemplate\":\"https:\/\/kleosuy.com\/?s={search_term_string}\"},\"query-input\":{\"@type\":\"PropertyValueSpecification\",\"valueRequired\":true,\"valueName\":\"search_term_string\"}}],\"inLanguage\":\"es\"},{\"@type\":\"Organization\",\"@id\":\"https:\/\/kleosuy.com\/#organization\",\"name\":\"Kleosuy\",\"url\":\"https:\/\/kleosuy.com\/\",\"logo\":{\"@type\":\"ImageObject\",\"inLanguage\":\"es\",\"@id\":\"https:\/\/kleosuy.com\/#\/schema\/logo\/image\/\",\"url\":\"https:\/\/kleosuy.com\/wp-content\/uploads\/2025\/05\/LOGO-PAGINA.png\",\"contentUrl\":\"https:\/\/kleosuy.com\/wp-content\/uploads\/2025\/05\/LOGO-PAGINA.png\",\"width\":272,\"height\":100,\"caption\":\"Kleosuy\"},\"image\":{\"@id\":\"https:\/\/kleosuy.com\/#\/schema\/logo\/image\/\"}}]}<\/script>\n<!-- \/ Yoast SEO plugin. -->","yoast_head_json":{"title":"politicas - Kleosuy","robots":{"index":"index","follow":"follow","max-snippet":"max-snippet:-1","max-image-preview":"max-image-preview:large","max-video-preview":"max-video-preview:-1"},"canonical":"https:\/\/kleosuy.com\/index.php\/politicas\/","og_locale":"es_ES","og_type":"article","og_title":"politicas - Kleosuy","og_description":"\u00daltima actualizaci\u00f3n: 27 de mayo de 2025 En Kleosuy, nos comprometemos a brindar una experiencia de compra clara, segura y transparente. A continuaci\u00f3n, detallamos nuestras pol\u00edticas de funcionamiento, privacidad y atenci\u00f3n al cliente. 1. Privacidad y uso de datos La informaci\u00f3n personal que recopilamos (nombre, direcci\u00f3n, correo electr\u00f3nico, tel\u00e9fono, etc.) es utilizada exclusivamente para procesar [&hellip;]","og_url":"https:\/\/kleosuy.com\/index.php\/politicas\/","og_site_name":"Kleosuy","article_modified_time":"2025-05-27T13:09:53+00:00","twitter_card":"summary_large_image","twitter_misc":{"Tiempo de lectura":"2 minutos"},"schema":{"@context":"https:\/\/schema.org","@graph":[{"@type":"WebPage","@id":"https:\/\/kleosuy.com\/index.php\/politicas\/","url":"https:\/\/kleosuy.com\/index.php\/politicas\/","name":"politicas - Kleosuy","isPartOf":{"@id":"https:\/\/kleosuy.com\/#website"},"datePublished":"2025-05-27T12:58:20+00:00","dateModified":"2025-05-27T13:09:53+00:00","breadcrumb":{"@id":"https:\/\/kleosuy.com\/index.php\/politicas\/#breadcrumb"},"inLanguage":"es","potentialAction":[{"@type":"ReadAction","target":["https:\/\/kleosuy.com\/index.php\/politicas\/"]}]},{"@type":"BreadcrumbList","@id":"https:\/\/kleosuy.com\/index.php\/politicas\/#breadcrumb","itemListElement":[{"@type":"ListItem","position":1,"name":"Portada","item":"https:\/\/kleosuy.com\/"},{"@type":"ListItem","position":2,"name":"politicas"}]},{"@type":"WebSite","@id":"https:\/\/kleosuy.com\/#website","url":"https:\/\/kleosuy.com\/","name":"Kleosuy","description":"","publisher":{"@id":"https:\/\/kleosuy.com\/#organization"},"potentialAction":[{"@type":"SearchAction","target":{"@type":"EntryPoint","urlTemplate":"https:\/\/kleosuy.com\/?s={search_term_string}"},"query-input":{"@type":"PropertyValueSpecification","valueRequired":true,"valueName":"search_term_string"}}],"inLanguage":"es"},{"@type":"Organization","@id":"https:\/\/kleosuy.com\/#organization","name":"Kleosuy","url":"https:\/\/kleosuy.com\/","logo":{"@type":"ImageObject","inLanguage":"es","@id":"https:\/\/kleosuy.com\/#\/schema\/logo\/image\/","url":"https:\/\/kleosuy.com\/wp-content\/uploads\/2025\/05\/LOGO-PAGINA.png","contentUrl":"https:\/\/kleosuy.com\/wp-content\/uploads\/2025\/05\/LOGO-PAGINA.png","width":272,"height":100,"caption":"Kleosuy"},"image":{"@id":"https:\/\/kleosuy.com\/#\/schema\/logo\/image\/"}}]}},"jetpack_sharing_enabled":true,"_links":{"self":[{"href":"https:\/\/kleosuy.com\/index.php\/wp-json\/wp\/v2\/pages\/150","targetHints":{"allow":["GET"]}}],"collection":[{"href":"https:\/\/kleosuy.com\/index.php\/wp-json\/wp\/v2\/pages"}],"about":[{"href":"https:\/\/kleosuy.com\/index.php\/wp-json\/wp\/v2\/types\/page"}],"author":[{"embeddable":true,"href":"https:\/\/kleosuy.com\/index.php\/wp-json\/wp\/v2\/users\/1"}],"replies":[{"embeddable":true,"href":"https:\/\/kleosuy.com\/index.php\/wp-json\/wp\/v2\/comments?post=150"}],"version-history":[{"count":7,"href":"https:\/\/kleosuy.com\/index.php\/wp-json\/wp\/v2\/pages\/150\/revisions"}],"predecessor-version":[{"id":160,"href":"https:\/\/kleosuy.com\/index.php\/wp-json\/wp\/v2\/pages\/150\/revisions\/160"}],"wp:attachment":[{"href":"https:\/\/kleosuy.com\/index.php\/wp-json\/wp\/v2\/media?parent=150"}],"curies":[{"name":"wp","href":"https:\/\/api.w.org\/{rel}","templated":true}]}}